{"id":4805,"date":"2020-01-25T12:14:58","date_gmt":"2020-01-25T11:14:58","guid":{"rendered":"http:\/\/www.theaterblum.at\/?page_id=4805"},"modified":"2023-03-10T11:39:08","modified_gmt":"2023-03-10T10:39:08","slug":"ueber-mich","status":"publish","type":"page","link":"https:\/\/www.theaterblum.at\/?page_id=4805","title":{"rendered":"\u00dcber mich"},"content":{"rendered":"\t\t<div data-elementor-type=\"wp-page\" data-elementor-id=\"4805\" class=\"elementor elementor-4805\">\n\t\t\t\t\t\t<section class=\"elementor-section elementor-top-section elementor-element elementor-element-12c81e0 elementor-section-stretched elementor-section-full_width elementor-section-height-default elementor-section-height-default\" data-id=\"12c81e0\" data-element_type=\"section\" data-e-type=\"section\" data-settings=\"{&quot;stretch_section&quot;:&quot;section-stretched&quot;}\">\n\t\t\t\t\t\t<div class=\"elementor-container elementor-column-gap-default\">\n\t\t\t\t\t<div class=\"elementor-column elementor-col-100 elementor-top-column elementor-element elementor-element-56065e1\" data-id=\"56065e1\" data-element_type=\"column\" data-e-type=\"column\">\n\t\t\t<div class=\"elementor-widget-wrap elementor-element-populated\">\n\t\t\t\t\t\t<div class=\"elementor-element elementor-element-bf14e92 elementor-widget elementor-widget-image\" data-id=\"bf14e92\" data-element_type=\"widget\" data-e-type=\"widget\" data-widget_type=\"image.default\">\n\t\t\t\t<div class=\"elementor-widget-container\">\n\t\t\t\t\t\t\t\t\t\t\t\t\t\t\t<img fetchpriority=\"high\" decoding=\"async\" width=\"1920\" height=\"1200\" src=\"https:\/\/www.theaterblum.at\/wp-content\/uploads\/2020\/01\/RudiPixSW11.jpg\" class=\"attachment-full size-full wp-image-4929\" alt=\"\" srcset=\"https:\/\/www.theaterblum.at\/wp-content\/uploads\/2020\/01\/RudiPixSW11.jpg 1920w, https:\/\/www.theaterblum.at\/wp-content\/uploads\/2020\/01\/RudiPixSW11-300x188.jpg 300w, https:\/\/www.theaterblum.at\/wp-content\/uploads\/2020\/01\/RudiPixSW11-1024x640.jpg 1024w, https:\/\/www.theaterblum.at\/wp-content\/uploads\/2020\/01\/RudiPixSW11-768x480.jpg 768w, https:\/\/www.theaterblum.at\/wp-content\/uploads\/2020\/01\/RudiPixSW11-1536x960.jpg 1536w\" sizes=\"(max-width: 1920px) 100vw, 1920px\" \/>\t\t\t\t\t\t\t\t\t\t\t\t\t\t\t<\/div>\n\t\t\t\t<\/div>\n\t\t\t\t\t<\/div>\n\t\t<\/div>\n\t\t\t\t\t<\/div>\n\t\t<\/section>\n\t\t\t\t<section class=\"elementor-section elementor-top-section elementor-element elementor-element-72fba0b elementor-section-full_width elementor-section-height-default elementor-section-height-default\" data-id=\"72fba0b\" data-element_type=\"section\" data-e-type=\"section\">\n\t\t\t\t\t\t<div class=\"elementor-container elementor-column-gap-default\">\n\t\t\t\t\t<div class=\"elementor-column elementor-col-16 elementor-top-column elementor-element elementor-element-a3f79ed\" data-id=\"a3f79ed\" data-element_type=\"column\" data-e-type=\"column\">\n\t\t\t<div class=\"elementor-widget-wrap\">\n\t\t\t\t\t\t\t<\/div>\n\t\t<\/div>\n\t\t\t\t<div class=\"elementor-column elementor-col-66 elementor-top-column elementor-element elementor-element-2fbb71f\" data-id=\"2fbb71f\" data-element_type=\"column\" data-e-type=\"column\">\n\t\t\t<div class=\"elementor-widget-wrap elementor-element-populated\">\n\t\t\t\t\t\t<div class=\"elementor-element elementor-element-e2aafd4 elementor-widget elementor-widget-heading\" data-id=\"e2aafd4\" data-element_type=\"widget\" data-e-type=\"widget\" data-widget_type=\"heading.default\">\n\t\t\t\t<div class=\"elementor-widget-container\">\n\t\t\t\t\t<h3 class=\"elementor-heading-title elementor-size-default\">\u00dcber mich<\/h3>\t\t\t\t<\/div>\n\t\t\t\t<\/div>\n\t\t\t\t\t<\/div>\n\t\t<\/div>\n\t\t\t\t<div class=\"elementor-column elementor-col-16 elementor-top-column elementor-element elementor-element-2a5c214\" data-id=\"2a5c214\" data-element_type=\"column\" data-e-type=\"column\">\n\t\t\t<div class=\"elementor-widget-wrap\">\n\t\t\t\t\t\t\t<\/div>\n\t\t<\/div>\n\t\t\t\t\t<\/div>\n\t\t<\/section>\n\t\t\t\t<section class=\"elementor-section elementor-top-section elementor-element elementor-element-04a88a5 elementor-section-full_width elementor-section-height-default elementor-section-height-default\" data-id=\"04a88a5\" data-element_type=\"section\" data-e-type=\"section\">\n\t\t\t\t\t\t<div class=\"elementor-container elementor-column-gap-default\">\n\t\t\t\t\t<div class=\"elementor-column elementor-col-16 elementor-top-column elementor-element elementor-element-db72775\" data-id=\"db72775\" data-element_type=\"column\" data-e-type=\"column\">\n\t\t\t<div class=\"elementor-widget-wrap\">\n\t\t\t\t\t\t\t<\/div>\n\t\t<\/div>\n\t\t\t\t<div class=\"elementor-column elementor-col-66 elementor-top-column elementor-element elementor-element-be4bb2c\" data-id=\"be4bb2c\" data-element_type=\"column\" data-e-type=\"column\">\n\t\t\t<div class=\"elementor-widget-wrap elementor-element-populated\">\n\t\t\t\t\t\t<div class=\"elementor-element elementor-element-781f97c elementor-widget elementor-widget-text-editor\" data-id=\"781f97c\" data-element_type=\"widget\" data-e-type=\"widget\" data-widget_type=\"text-editor.default\">\n\t\t\t\t<div class=\"elementor-widget-container\">\n\t\t\t\t\t\t\t\t\t<h4>Geboren und aufgewachsen bin ich in Wien, au\u00dfer im Sommer, da war ich immer im Waldviertel bei meiner Oma.<\/h4><h4>Meine erste Tochter Rahel wurde 1990 geboren. Ich habe damals mit ihrer Mutter in Wien gelebt und wir hatten die Geburt gut geplant, doch Rahel hatte eigene Vorstellungen und beschloss in Graz auf die Welt zu kommen.<\/h4><h4>Ein paar Jahre sp\u00e4ter bin ich mit meiner Lebenspartnerin Monica ins Burgenland gezogen, wo 1996 unsere erste gemeinsame Tochter Amina in einer verschneiten J\u00e4nnernacht bei Kerzenschein geboren wurde.<\/h4><h4>Nach unserem Umzug nach Nieder\u00f6sterreich kam 2002 Maja in unser Leben. Meine vierte Tochter Flora \u00fcberraschte uns dann 2007.<\/h4><h4>Inzwischen bin ich schon Opa geworden (mein Gott, klingt das alt ;). Meine Enkelkinder hei\u00dfen Josephine und Frederick!! :o))<\/h4><h4>Mit Theater begann ich mich schon 1987 zu besch\u00e4ftigen, doch richtig intensiv wurde es dann ab 1991, als ich mit Stefan Novak, Stefan Grassl und Guido Wirth (dabei bis 2002) Irrwisch (<a href=\"http:\/\/www.irrwisch.at\/\">www.irrwisch.at<\/a>) gr\u00fcndete.<\/h4><h4>Seit 1992 touren wir nun durch den Sommer, und gemeinsam (Stefan, Stefan und ich) haben wir einen eigenen Stil des Stra\u00dfentheaters erarbeitet. Wir teilen das Gef\u00fchl f\u00fcr Komik, kultivieren die Kunst der Begeisterung und lieben das spontane Spiel. Mit Irrwisch erzeugen wir absurde, witzige und begeisternde Momente.<\/h4><h4>Wir brechen Tabus, verschieben Grenzen, verbl\u00fcffen und faszinieren auf eine seltene, herzerw\u00e4rmende und komische Art. Seltsame, verschrobene Charaktere, eigenwillige Typen, einfach in ihrer Art, klar in ihrem Tun, kultivieren Fehler und Unzul\u00e4nglichkeiten, zeigen eine andere, schr\u00e4ge Sicht der Dinge.<\/h4><h4>Lange Zeit verstand ich mich ausschlie\u00dflich als Sra\u00dfentheatermacher.<\/h4><h4>Erst durch intensiven Austausch mit anderen K\u00fcnstlern wurde mir klar: Was ich da mache ist Clownarbeit!\u00a0<\/h4><h4>Ich intensivierte meine Auseinandersetzung mit dem Wesen des Clowns, arbeitete mehrere Jahre f\u00fcr die Rote Nasen Clowndoctors und kultivierte f\u00fcr mich eine Lebenshaltung: Die des Clowns!<\/h4><h4>Ernsthaft im Bem\u00fchen doch leicht im Leben.<\/h4><h4>(gaaanz kurz gesagt :o)<\/h4><h4>Da bin ich jetzt, mit all meinen Lieben!<\/h4><h4><strong>Und jetzt noch mein kleines Auftrittsalphabet: ;o)<\/strong><\/h4><h4>Aserbaidschan, Belgien, Canada, England, Frankreich, Gutenbrunn, Israel, Japan, Kirgistan, Luxemburg, Mazedonien, Norwegen, Oberzeiring, Polen, Russland, Spanien, T\u00fcrkei, Ukraine, Volksrepublik China, Weiz, X&#8230; (das fehlt ma ;), Ybbsitz, Zimbabwe<\/h4><h4>Inzwischen Auftritte in mehr als 35 L\u00e4ndern.<\/h4><h4>rudi<\/h4>\t\t\t\t\t\t\t\t<\/div>\n\t\t\t\t<\/div>\n\t\t\t\t\t<\/div>\n\t\t<\/div>\n\t\t\t\t<div class=\"elementor-column elementor-col-16 elementor-top-column elementor-element elementor-element-2463408\" data-id=\"2463408\" data-element_type=\"column\" data-e-type=\"column\">\n\t\t\t<div class=\"elementor-widget-wrap\">\n\t\t\t\t\t\t\t<\/div>\n\t\t<\/div>\n\t\t\t\t\t<\/div>\n\t\t<\/section>\n\t\t\t\t<\/div>\n\t\t","protected":false},"excerpt":{"rendered":"<p>\u00dcber mich Geboren und aufgewachsen bin ich in Wien, au\u00dfer im Sommer, da war ich immer im Waldviertel bei meiner Oma. Meine erste Tochter Rahel wurde 1990 geboren. Ich habe damals mit ihrer Mutter in Wien gelebt und wir hatten die Geburt gut geplant, doch Rahel hatte eigene Vorstellungen und beschloss in Graz auf die [&hellip;]<\/p>\n","protected":false},"author":1,"featured_media":0,"parent":0,"menu_order":0,"comment_status":"closed","ping_status":"closed","template":"","meta":{"site-sidebar-layout":"no-sidebar","site-content-layout":"page-builder","ast-site-content-layout":"default","site-content-style":"default","site-sidebar-style":"default","ast-global-header-display":"","ast-banner-title-visibility":"","ast-main-header-display":"","ast-hfb-above-header-display":"","ast-hfb-below-header-display":"","ast-hfb-mobile-header-display":"","site-post-title":"disabled","ast-breadcrumbs-content":"","ast-featured-img":"disabled","footer-sml-layout":"","ast-disable-related-posts":"","theme-transparent-header-meta":"default","adv-header-id-meta":"","stick-header-meta":"default","header-above-stick-meta":"","header-main-stick-meta":"","header-below-stick-meta":"","astra-migrate-meta-layouts":"default","ast-page-background-enabled":"default","ast-page-background-meta":{"desktop":{"background-color":"var(--ast-global-color-4)","background-image":"","background-repeat":"repeat","background-position":"center center","background-size":"auto","background-attachment":"scroll","background-type":"","background-media":"","overlay-type":"","overlay-color":"","overlay-opacity":"","overlay-gradient":""},"tablet":{"background-color":"","background-image":"","background-repeat":"repeat","background-position":"center center","background-size":"auto","background-attachment":"scroll","background-type":"","background-media":"","overlay-type":"","overlay-color":"","overlay-opacity":"","overlay-gradient":""},"mobile":{"background-color":"","background-image":"","background-repeat":"repeat","background-position":"center center","background-size":"auto","background-attachment":"scroll","background-type":"","background-media":"","overlay-type":"","overlay-color":"","overlay-opacity":"","overlay-gradient":""}},"ast-content-background-meta":{"desktop":{"background-color":"var(--ast-global-color-5)","background-image":"","background-repeat":"repeat","background-position":"center center","background-size":"auto","background-attachment":"scroll","background-type":"","background-media":"","overlay-type":"","overlay-color":"","overlay-opacity":"","overlay-gradient":""},"tablet":{"background-color":"var(--ast-global-color-5)","background-image":"","background-repeat":"repeat","background-position":"center center","background-size":"auto","background-attachment":"scroll","background-type":"","background-media":"","overlay-type":"","overlay-color":"","overlay-opacity":"","overlay-gradient":""},"mobile":{"background-color":"var(--ast-global-color-5)","background-image":"","background-repeat":"repeat","background-position":"center center","background-size":"auto","background-attachment":"scroll","background-type":"","background-media":"","overlay-type":"","overlay-color":"","overlay-opacity":"","overlay-gradient":""}},"footnotes":""},"yst_prominent_words":[62,70,60,67,68,66,69,65,64,59,61,63],"class_list":["post-4805","page","type-page","status-publish","hentry"],"_links":{"self":[{"href":"https:\/\/www.theaterblum.at\/index.php?rest_route=\/wp\/v2\/pages\/4805","targetHints":{"allow":["GET"]}}],"collection":[{"href":"https:\/\/www.theaterblum.at\/index.php?rest_route=\/wp\/v2\/pages"}],"about":[{"href":"https:\/\/www.theaterblum.at\/index.php?rest_route=\/wp\/v2\/types\/page"}],"author":[{"embeddable":true,"href":"https:\/\/www.theaterblum.at\/index.php?rest_route=\/wp\/v2\/users\/1"}],"replies":[{"embeddable":true,"href":"https:\/\/www.theaterblum.at\/index.php?rest_route=%2Fwp%2Fv2%2Fcomments&post=4805"}],"version-history":[{"count":14,"href":"https:\/\/www.theaterblum.at\/index.php?rest_route=\/wp\/v2\/pages\/4805\/revisions"}],"predecessor-version":[{"id":5253,"href":"https:\/\/www.theaterblum.at\/index.php?rest_route=\/wp\/v2\/pages\/4805\/revisions\/5253"}],"wp:attachment":[{"href":"https:\/\/www.theaterblum.at\/index.php?rest_route=%2Fwp%2Fv2%2Fmedia&parent=4805"}],"wp:term":[{"taxonomy":"yst_prominent_words","embeddable":true,"href":"https:\/\/www.theaterblum.at\/index.php?rest_route=%2Fwp%2Fv2%2Fyst_prominent_words&post=4805"}],"curies":[{"name":"wp","href":"https:\/\/api.w.org\/{rel}","templated":true}]}}